{"id":2431,"date":"2024-10-23T23:26:57","date_gmt":"2024-10-23T21:26:57","guid":{"rendered":"https:\/\/www.gerovit.com\/?page_id=2431"},"modified":"2024-12-18T17:01:12","modified_gmt":"2024-12-18T16:01:12","slug":"mreze-za-zasenu","status":"publish","type":"page","link":"https:\/\/www.gerovit.com\/sr\/mreze-za-zasenu\/","title":{"rendered":"Mre\u017ee za zasenu"},"content":{"rendered":"\n<style type=\"text\/css\" data-created_by=\"avia_inline_auto\" id=\"style-css-av-m2236iu2-7fd6dc98ff7a929a86f9f39cb2e87cde\">\n.avia-section.av-m2236iu2-7fd6dc98ff7a929a86f9f39cb2e87cde{\nbackground-repeat:no-repeat;\nbackground-image:url(https:\/\/www.gerovit.com\/wp-content\/uploads\/2024\/10\/Shading-nets-category-2.jpg);\nbackground-position:50% 50%;\nbackground-attachment:scroll;\n}\n<\/style>\n<div id='kategorija-header-sek'  class='avia-section av-m2236iu2-7fd6dc98ff7a929a86f9f39cb2e87cde main_color avia-section-default avia-no-border-styling  avia-builder-el-0  el_before_av_section  avia-builder-el-first  avia-full-stretch avia-bg-style-scroll av-minimum-height av-minimum-height-custom av-height-custom  container_wrap sidebar_right'  data-section-bg-repeat='stretch' data-av_minimum_height_px='500'><div class='container av-section-cont-open' style='height:500px'><main  role=\"main\" itemprop=\"mainContentOfPage\"  class='template-page content  av-content-small alpha units'><div class='post-entry post-entry-type-page post-entry-2431'><div class='entry-content-wrapper clearfix'>\n<div  class='flex_column av-w9z77-0593749674d1cdea83805c855cd632c2 av_one_full  avia-builder-el-1  avia-builder-el-no-sibling  first flex_column_div  '     ><p>\n<style type=\"text\/css\" data-created_by=\"avia_inline_auto\" id=\"style-css-av-m2md5j4f-0f3b5be03b93a02ecf68e180c828e11f\">\n#top .hr.hr-invisible.av-m2md5j4f-0f3b5be03b93a02ecf68e180c828e11f{\nheight:170px;\n}\n<\/style>\n<div  class='hr av-m2md5j4f-0f3b5be03b93a02ecf68e180c828e11f hr-invisible  avia-builder-el-2  el_before_av_heading  avia-builder-el-first  av-small-hide av-mini-hide'><span class='hr-inner '><span class=\"hr-inner-style\"><\/span><\/span><\/div><br \/>\n\n<style type=\"text\/css\" data-created_by=\"avia_inline_auto\" id=\"style-css-av-m223735i-6c625e7d44650f2056c5f2c60d762ff5\">\n#top .av-special-heading.av-m223735i-6c625e7d44650f2056c5f2c60d762ff5{\npadding-bottom:10px;\ncolor:#ffffff;\n}\nbody .av-special-heading.av-m223735i-6c625e7d44650f2056c5f2c60d762ff5 .av-special-heading-tag .heading-char{\nfont-size:25px;\n}\n.av-special-heading.av-m223735i-6c625e7d44650f2056c5f2c60d762ff5 .special-heading-inner-border{\nborder-color:#ffffff;\n}\n.av-special-heading.av-m223735i-6c625e7d44650f2056c5f2c60d762ff5 .av-subheading{\nfont-size:15px;\n}\nbody .av-special-heading.av-m223735i-6c625e7d44650f2056c5f2c60d762ff5 .av-special-heading-tag .heading-wrap:before{\nborder-color:#ffffff;\n}\nbody .av-special-heading.av-m223735i-6c625e7d44650f2056c5f2c60d762ff5 .av-special-heading-tag .heading-wrap:after{\nborder-color:#ffffff;\n}\n\n@media only screen and (min-width: 990px){ \n#top #wrap_all .av-special-heading.av-m223735i-6c625e7d44650f2056c5f2c60d762ff5 .av-special-heading-tag{\nfont-size:70px;\n}\n}\n<\/style>\n<div  class='av-special-heading av-m223735i-6c625e7d44650f2056c5f2c60d762ff5 av-special-heading-h1 custom-color-heading blockquote modern-quote  avia-builder-el-3  el_after_av_hr  el_before_av_textblock  malaslova'><h1 class='av-special-heading-tag '  itemprop=\"headline\"  >Mre\u017ee za zasenu<\/h1><div class=\"special-heading-border\"><div class=\"special-heading-inner-border\"><\/div><\/div><\/div><br \/>\n\n<style type=\"text\/css\" data-created_by=\"avia_inline_auto\" id=\"style-css-av-m2237hre-e68d7510e04f6bebeb81f4762339bd9d\">\n#top .av_textblock_section.av-m2237hre-e68d7510e04f6bebeb81f4762339bd9d .avia_textblock{\ncolor:#ffffff;\n}\n\n@media only screen and (min-width: 990px){ \n#top .av_textblock_section.av-m2237hre-e68d7510e04f6bebeb81f4762339bd9d .avia_textblock{\nfont-size:21px;\n}\n}\n<\/style>\n<section  class='av_textblock_section av-m2237hre-e68d7510e04f6bebeb81f4762339bd9d '   itemscope=\"itemscope\" itemtype=\"https:\/\/schema.org\/CreativeWork\" ><div class='avia_textblock av_inherit_color'  itemprop=\"text\" ><p>Gerovit mre\u017ee za zasenu povec\u0301avaju prinos i kvalitet useva tako \u0161to optimizuju svetlost koja dopire do biljaka, reguli\u0161uc\u0301i temperaturu i istovremeno odr\u017eavajuc\u0301i optimalnu vla\u017enost zemlji\u0161ta, ujedno obezbe\u0111uju\u0107i fizi\u010dku barijeru za divlje i domac\u0301e \u017eivotinje.<\/p>\n<\/div><\/section><\/p><\/div>\n\n<\/div><\/div><\/main><!-- close content main element --><\/div><\/div><div id='av_section_2'  class='avia-section av-pjqgj-2cd2e27ce11ba2eeb5c611447ddb930c main_color avia-section-default avia-no-border-styling  avia-builder-el-5  el_after_av_section  avia-builder-el-last  avia-bg-style-scroll container_wrap sidebar_right'  ><div class='container av-section-cont-open' ><div class='template-page content  av-content-small alpha units'><div class='post-entry post-entry-type-page post-entry-2431'><div class='entry-content-wrapper clearfix'>\n\n<style type=\"text\/css\" data-created_by=\"avia_inline_auto\" id=\"style-css-av-58v5er-fe6b2ceb23c9a4e55e3dab00ef7db778\">\n.flex_column.av-58v5er-fe6b2ceb23c9a4e55e3dab00ef7db778{\nwidth:32.666666666667%;\nbackground-color:#f8f8fa;\n}\n\n@media only screen and (min-width: 990px){ \n.flex_column.av-58v5er-fe6b2ceb23c9a4e55e3dab00ef7db778{\npadding:0px 30px 20px 30px;\n}\n}\n\n@media only screen and (min-width: 768px) and (max-width: 989px){ \n.flex_column.av-58v5er-fe6b2ceb23c9a4e55e3dab00ef7db778{\npadding:0px 30px 20px 30px;\n}\n}\n\n@media only screen and (min-width: 480px) and (max-width: 767px){ \n.flex_column.av-58v5er-fe6b2ceb23c9a4e55e3dab00ef7db778{\npadding:0px 20px 10px 20px;\n}\n}\n\n@media only screen and (max-width: 479px){ \n.flex_column.av-58v5er-fe6b2ceb23c9a4e55e3dab00ef7db778{\npadding:0px 10px 10px 10px;\n}\n}\n<\/style>\n<div  class='flex_column av-58v5er-fe6b2ceb23c9a4e55e3dab00ef7db778 av_one_third  avia-builder-el-6  el_before_av_one_third  avia-builder-el-first  first flex_column_div  '     ><p>\n<style type=\"text\/css\" data-created_by=\"avia_inline_auto\" id=\"style-css-av-m2md2aj1-cc622fdc86cf2d6829a3a2540cf2525e\">\n.avia-image-container.av-m2md2aj1-cc622fdc86cf2d6829a3a2540cf2525e img.avia_image{\nbox-shadow:none;\n}\n.avia-image-container.av-m2md2aj1-cc622fdc86cf2d6829a3a2540cf2525e .av-image-caption-overlay-center{\ncolor:#ffffff;\n}\n<\/style>\n<div  id=\"kategorija-slika\"  class='avia-image-container av-m2md2aj1-cc622fdc86cf2d6829a3a2540cf2525e av-styling-no-styling avia-align-left  avia-builder-el-7  el_before_av_heading  avia-builder-el-first '   itemprop=\"image\" itemscope=\"itemscope\" itemtype=\"https:\/\/schema.org\/ImageObject\" ><div class=\"avia-image-container-inner\"><div class=\"avia-image-overlay-wrap\"><img decoding=\"async\" fetchpriority=\"high\" class='wp-image-2736 avia-img-lazy-loading-not-2736 avia_image ' src=\"https:\/\/www.gerovit.com\/wp-content\/uploads\/2024\/12\/shading-nets-green-package-slider1.jpg\" alt='Shading nets' title='shading-nets-green-package-slider1'  height=\"444\" width=\"1000\"  itemprop=\"thumbnailUrl\" srcset=\"https:\/\/www.gerovit.com\/wp-content\/uploads\/2024\/12\/shading-nets-green-package-slider1.jpg 1000w, https:\/\/www.gerovit.com\/wp-content\/uploads\/2024\/12\/shading-nets-green-package-slider1-300x133.jpg 300w, https:\/\/www.gerovit.com\/wp-content\/uploads\/2024\/12\/shading-nets-green-package-slider1-768x341.jpg 768w, https:\/\/www.gerovit.com\/wp-content\/uploads\/2024\/12\/shading-nets-green-package-slider1-705x313.jpg 705w\" sizes=\"(max-width: 1000px) 100vw, 1000px\" \/><\/div><\/div><\/div><br \/>\n\n<style type=\"text\/css\" data-created_by=\"avia_inline_auto\" id=\"style-css-av-m2mavx69-3444212840466d224340c36437d66723\">\n#top .av-special-heading.av-m2mavx69-3444212840466d224340c36437d66723{\npadding-bottom:0px;\n}\nbody .av-special-heading.av-m2mavx69-3444212840466d224340c36437d66723 .av-special-heading-tag .heading-char{\nfont-size:25px;\n}\n.av-special-heading.av-m2mavx69-3444212840466d224340c36437d66723 .av-subheading{\nfont-size:15px;\n}\n\n@media only screen and (min-width: 990px){ \n#top #wrap_all .av-special-heading.av-m2mavx69-3444212840466d224340c36437d66723 .av-special-heading-tag{\nfont-size:25px;\n}\n}\n<\/style>\n<div  class='av-special-heading av-m2mavx69-3444212840466d224340c36437d66723 av-special-heading-h3 blockquote modern-quote  avia-builder-el-8  el_after_av_image  el_before_av_button '><h3 class='av-special-heading-tag '  itemprop=\"headline\"  >Zelene mre\u017ee za zasenu<\/h3><div class=\"special-heading-border\"><div class=\"special-heading-inner-border\"><\/div><\/div><\/div><br \/>\n<div  id=\"kategorije-cta\"  class='avia-button-wrap av-35iqsz-0d3025f40f8bb0e56233152d386d1be2-wrap avia-button-left  avia-builder-el-9  el_after_av_heading  avia-builder-el-last '>\n<style type=\"text\/css\" data-created_by=\"avia_inline_auto\" id=\"style-css-av-35iqsz-0d3025f40f8bb0e56233152d386d1be2\">\n#top #wrap_all .avia-button.av-35iqsz-0d3025f40f8bb0e56233152d386d1be2{\nborder-style:none;\nborder-radius:0px 0px 0px 0px;\nbox-shadow:none;\ntransition:all 0.4s ease-in-out;\n}\n#top #wrap_all.avia-button.av-35iqsz-0d3025f40f8bb0e56233152d386d1be2:hover .avia_button_background{\nborder-radius:0px 0px 0px 0px;\n}\n\n@media only screen and (min-width: 990px){ \n#top #wrap_all .avia-button.av-35iqsz-0d3025f40f8bb0e56233152d386d1be2{\nfont-size:18px;\n}\n}\n<\/style>\n<a href='https:\/\/www.gerovit.com\/sr\/zelene-mreze-za-zasenu\/'  class='avia-button av-35iqsz-0d3025f40f8bb0e56233152d386d1be2 av-link-btn avia-icon_select-yes-right-icon avia-size-small avia-position-left avia-color-dark'   aria-label=\"vi\u0161e\"><span class='avia_iconbox_title' >vi\u0161e<\/span><span class='avia_button_icon avia_button_icon_right' aria-hidden='true' data-av_icon='\ue88d' data-av_iconfont='entypo-fontello'><\/span><\/a><\/div><\/p><\/div>\n<style type=\"text\/css\" data-created_by=\"avia_inline_auto\" id=\"style-css-av-etxchf-e82bc9a62760ab65e2aab04db63f4706\">\n.flex_column.av-etxchf-e82bc9a62760ab65e2aab04db63f4706{\nwidth:32.666666666667%;\nmargin-left:1%;\nbackground-color:#f8f8fa;\n}\n\n@media only screen and (min-width: 990px){ \n.flex_column.av-etxchf-e82bc9a62760ab65e2aab04db63f4706{\npadding:0px 30px 20px 30px;\n}\n}\n\n@media only screen and (min-width: 768px) and (max-width: 989px){ \n.flex_column.av-etxchf-e82bc9a62760ab65e2aab04db63f4706{\npadding:0px 30px 20px 30px;\n}\n}\n\n@media only screen and (min-width: 480px) and (max-width: 767px){ \n.flex_column.av-etxchf-e82bc9a62760ab65e2aab04db63f4706{\npadding:0px 20px 10px 20px;\n}\n}\n\n@media only screen and (max-width: 479px){ \n.flex_column.av-etxchf-e82bc9a62760ab65e2aab04db63f4706{\npadding:0px 10px 10px 10px;\n}\n}\n<\/style>\n<div  class='flex_column av-etxchf-e82bc9a62760ab65e2aab04db63f4706 av_one_third  avia-builder-el-10  el_after_av_one_third  el_before_av_one_third  flex_column_div  '     ><p>\n<style type=\"text\/css\" data-created_by=\"avia_inline_auto\" id=\"style-css-av-crjvlf-178cfa7c89a9f7a396d050dba38fde86\">\n.avia-image-container.av-crjvlf-178cfa7c89a9f7a396d050dba38fde86 img.avia_image{\nbox-shadow:none;\n}\n.avia-image-container.av-crjvlf-178cfa7c89a9f7a396d050dba38fde86 .av-image-caption-overlay-center{\ncolor:#ffffff;\n}\n<\/style>\n<div  id=\"kategorija-slika\"  class='avia-image-container av-crjvlf-178cfa7c89a9f7a396d050dba38fde86 av-styling-no-styling avia-align-left  avia-builder-el-11  el_before_av_heading  avia-builder-el-first '   itemprop=\"image\" itemscope=\"itemscope\" itemtype=\"https:\/\/schema.org\/ImageObject\" ><div class=\"avia-image-container-inner\"><div class=\"avia-image-overlay-wrap\"><img decoding=\"async\" fetchpriority=\"high\" class=\"wp-image-2937 avia-img-lazy-loading-not-2937 avia_image \" src=\"https:\/\/www.gerovit.com\/wp-content\/uploads\/2024\/12\/shading-nets-white1-package-slider1.jpg\" alt=\"\" title=\"shading-nets-white1-package-slider1\" height=\"444\" width=\"1000\" itemprop=\"thumbnailUrl\" srcset=\"https:\/\/www.gerovit.com\/wp-content\/uploads\/2024\/12\/shading-nets-white1-package-slider1.jpg 1000w, https:\/\/www.gerovit.com\/wp-content\/uploads\/2024\/12\/shading-nets-white1-package-slider1-300x133.jpg 300w, https:\/\/www.gerovit.com\/wp-content\/uploads\/2024\/12\/shading-nets-white1-package-slider1-768x341.jpg 768w, https:\/\/www.gerovit.com\/wp-content\/uploads\/2024\/12\/shading-nets-white1-package-slider1-705x313.jpg 705w\" sizes=\"(max-width: 1000px) 100vw, 1000px\"><\/div><\/div><\/div><br \/>\n\n<style type=\"text\/css\" data-created_by=\"avia_inline_auto\" id=\"style-css-av-10ljg3-c8911c9294ef6e482b684ad149a09829\">\n#top .av-special-heading.av-10ljg3-c8911c9294ef6e482b684ad149a09829{\npadding-bottom:0px;\n}\nbody .av-special-heading.av-10ljg3-c8911c9294ef6e482b684ad149a09829 .av-special-heading-tag .heading-char{\nfont-size:25px;\n}\n.av-special-heading.av-10ljg3-c8911c9294ef6e482b684ad149a09829 .av-subheading{\nfont-size:15px;\n}\n\n@media only screen and (min-width: 990px){ \n#top #wrap_all .av-special-heading.av-10ljg3-c8911c9294ef6e482b684ad149a09829 .av-special-heading-tag{\nfont-size:25px;\n}\n}\n<\/style>\n<div  class='av-special-heading av-10ljg3-c8911c9294ef6e482b684ad149a09829 av-special-heading-h3 blockquote modern-quote  avia-builder-el-12  el_after_av_image  el_before_av_button '><h3 class='av-special-heading-tag '  itemprop=\"headline\"  >Bele mre\u017ee za zasenu<\/h3><div class=\"special-heading-border\"><div class=\"special-heading-inner-border\"><\/div><\/div><\/div><br \/>\n<div  id=\"kategorije-cta\"  class='avia-button-wrap av-8nmimr-5f56b9bafc94b133befa32cea1b7af75-wrap avia-button-left  avia-builder-el-13  el_after_av_heading  avia-builder-el-last '>\n<style type=\"text\/css\" data-created_by=\"avia_inline_auto\" id=\"style-css-av-8nmimr-5f56b9bafc94b133befa32cea1b7af75\">\n#top #wrap_all .avia-button.av-8nmimr-5f56b9bafc94b133befa32cea1b7af75{\nborder-style:none;\nborder-radius:0px 0px 0px 0px;\nbox-shadow:none;\ntransition:all 0.4s ease-in-out;\n}\n#top #wrap_all.avia-button.av-8nmimr-5f56b9bafc94b133befa32cea1b7af75:hover .avia_button_background{\nborder-radius:0px 0px 0px 0px;\n}\n\n@media only screen and (min-width: 990px){ \n#top #wrap_all .avia-button.av-8nmimr-5f56b9bafc94b133befa32cea1b7af75{\nfont-size:18px;\n}\n}\n<\/style>\n<a href='https:\/\/www.gerovit.com\/sr\/bele-mreze-za-zasenu\/'  class='avia-button av-8nmimr-5f56b9bafc94b133befa32cea1b7af75 av-link-btn avia-icon_select-yes-right-icon avia-size-small avia-position-left avia-color-dark'   aria-label=\"vi\u0161e\"><span class='avia_iconbox_title' >vi\u0161e<\/span><span class='avia_button_icon avia_button_icon_right' aria-hidden='true' data-av_icon='\ue88d' data-av_iconfont='entypo-fontello'><\/span><\/a><\/div><\/p><\/div>\n<style type=\"text\/css\" data-created_by=\"avia_inline_auto\" id=\"style-css-av-7xfg0j-0fe58ce6dae1e88e27869b1713488779\">\n.flex_column.av-7xfg0j-0fe58ce6dae1e88e27869b1713488779{\nwidth:32.666666666667%;\nmargin-left:1%;\n}\n\n@media only screen and (min-width: 990px){ \n.flex_column.av-7xfg0j-0fe58ce6dae1e88e27869b1713488779{\npadding:0px 30px 20px 30px;\n}\n}\n\n@media only screen and (min-width: 768px) and (max-width: 989px){ \n.flex_column.av-7xfg0j-0fe58ce6dae1e88e27869b1713488779{\npadding:0px 30px 20px 30px;\n}\n}\n\n@media only screen and (min-width: 480px) and (max-width: 767px){ \n.flex_column.av-7xfg0j-0fe58ce6dae1e88e27869b1713488779{\npadding:0px 20px 10px 20px;\n}\n}\n\n@media only screen and (max-width: 479px){ \n.flex_column.av-7xfg0j-0fe58ce6dae1e88e27869b1713488779{\npadding:0px 10px 10px 10px;\n}\n}\n<\/style>\n<div  class='flex_column av-7xfg0j-0fe58ce6dae1e88e27869b1713488779 av_one_third  avia-builder-el-14  el_after_av_one_third  avia-builder-el-last  flex_column_div av-hide-on-mobile  '     ><\/div><\/div><\/div><\/div><!-- close content main div --><\/div><\/div><div id='after_section_2'  class='main_color av_default_container_wrap container_wrap sidebar_right'  ><div class='container av-section-cont-open' ><div class='template-page content  av-content-small alpha units'><div class='post-entry post-entry-type-page post-entry-2431'><div class='entry-content-wrapper clearfix'>\n","protected":false},"excerpt":{"rendered":"","protected":false},"author":2,"featured_media":0,"parent":0,"menu_order":0,"comment_status":"closed","ping_status":"closed","template":"","meta":{"_acf_changed":false,"inline_featured_image":false,"footnotes":""},"class_list":["post-2431","page","type-page","status-publish","hentry"],"acf":[],"_links":{"self":[{"href":"https:\/\/www.gerovit.com\/sr\/wp-json\/wp\/v2\/pages\/2431","targetHints":{"allow":["GET"]}}],"collection":[{"href":"https:\/\/www.gerovit.com\/sr\/wp-json\/wp\/v2\/pages"}],"about":[{"href":"https:\/\/www.gerovit.com\/sr\/wp-json\/wp\/v2\/types\/page"}],"author":[{"embeddable":true,"href":"https:\/\/www.gerovit.com\/sr\/wp-json\/wp\/v2\/users\/2"}],"replies":[{"embeddable":true,"href":"https:\/\/www.gerovit.com\/sr\/wp-json\/wp\/v2\/comments?post=2431"}],"version-history":[{"count":0,"href":"https:\/\/www.gerovit.com\/sr\/wp-json\/wp\/v2\/pages\/2431\/revisions"}],"wp:attachment":[{"href":"https:\/\/www.gerovit.com\/sr\/wp-json\/wp\/v2\/media?parent=2431"}],"curies":[{"name":"wp","href":"https:\/\/api.w.org\/{rel}","templated":true}]}}