{"id":2448,"date":"2024-10-23T23:28:43","date_gmt":"2024-10-23T21:28:43","guid":{"rendered":"https:\/\/www.gerovit.com\/?page_id=2448"},"modified":"2024-12-18T21:29:22","modified_gmt":"2024-12-18T20:29:22","slug":"rasel-vrece","status":"publish","type":"page","link":"https:\/\/www.gerovit.com\/sr\/rasel-vrece\/","title":{"rendered":"Ra\u0161el vre\u0107e"},"content":{"rendered":"\n<style type=\"text\/css\" data-created_by=\"avia_inline_auto\" id=\"style-css-av-m2236iu2-886103a1d598e7907f292c9b7b3cc3b0\">\n.avia-section.av-m2236iu2-886103a1d598e7907f292c9b7b3cc3b0{\nbackground-repeat:no-repeat;\nbackground-image:url(https:\/\/www.gerovit.com\/wp-content\/uploads\/2024\/10\/Raschel-bags-category-1.jpg);\nbackground-position:50% 50%;\nbackground-attachment:scroll;\n}\n<\/style>\n<div id='kategorija-header-sek'  class='avia-section av-m2236iu2-886103a1d598e7907f292c9b7b3cc3b0 main_color avia-section-default avia-no-border-styling  avia-builder-el-0  el_before_av_section  avia-builder-el-first  avia-full-stretch avia-bg-style-scroll av-minimum-height av-minimum-height-custom av-height-custom  container_wrap sidebar_right'  data-section-bg-repeat='stretch' data-av_minimum_height_px='500'><div class='container av-section-cont-open' style='height:500px'><main  role=\"main\" itemprop=\"mainContentOfPage\"  class='template-page content  av-content-small alpha units'><div class='post-entry post-entry-type-page post-entry-2448'><div class='entry-content-wrapper clearfix'>\n<div  class='flex_column av-w9z77-0593749674d1cdea83805c855cd632c2 av_one_full  avia-builder-el-1  avia-builder-el-no-sibling  first flex_column_div  '     ><p>\n<style type=\"text\/css\" data-created_by=\"avia_inline_auto\" id=\"style-css-av-m2md5j4f-0f3b5be03b93a02ecf68e180c828e11f\">\n#top .hr.hr-invisible.av-m2md5j4f-0f3b5be03b93a02ecf68e180c828e11f{\nheight:170px;\n}\n<\/style>\n<div  class='hr av-m2md5j4f-0f3b5be03b93a02ecf68e180c828e11f hr-invisible  avia-builder-el-2  el_before_av_heading  avia-builder-el-first  av-small-hide av-mini-hide'><span class='hr-inner '><span class=\"hr-inner-style\"><\/span><\/span><\/div><br \/>\n\n<style type=\"text\/css\" data-created_by=\"avia_inline_auto\" id=\"style-css-av-m223735i-c6259a5655d8488fe99c9caab7e5697a\">\n#top .av-special-heading.av-m223735i-c6259a5655d8488fe99c9caab7e5697a{\npadding-bottom:10px;\ncolor:#ffffff;\n}\nbody .av-special-heading.av-m223735i-c6259a5655d8488fe99c9caab7e5697a .av-special-heading-tag .heading-char{\nfont-size:25px;\n}\n.av-special-heading.av-m223735i-c6259a5655d8488fe99c9caab7e5697a .special-heading-inner-border{\nborder-color:#ffffff;\n}\n.av-special-heading.av-m223735i-c6259a5655d8488fe99c9caab7e5697a .av-subheading{\nfont-size:15px;\n}\nbody .av-special-heading.av-m223735i-c6259a5655d8488fe99c9caab7e5697a .av-special-heading-tag .heading-wrap:before{\nborder-color:#ffffff;\n}\nbody .av-special-heading.av-m223735i-c6259a5655d8488fe99c9caab7e5697a .av-special-heading-tag .heading-wrap:after{\nborder-color:#ffffff;\n}\n\n@media only screen and (min-width: 990px){ \n#top #wrap_all .av-special-heading.av-m223735i-c6259a5655d8488fe99c9caab7e5697a .av-special-heading-tag{\nfont-size:70px;\n}\n}\n<\/style>\n<div  class='av-special-heading av-m223735i-c6259a5655d8488fe99c9caab7e5697a av-special-heading-h1 custom-color-heading blockquote modern-quote  avia-builder-el-3  el_after_av_hr  el_before_av_textblock  malaslova'><h1 class='av-special-heading-tag '  itemprop=\"headline\"  >Ra\u0161el vre\u0107e<\/h1><div class=\"special-heading-border\"><div class=\"special-heading-inner-border\"><\/div><\/div><\/div><br \/>\n\n<style type=\"text\/css\" data-created_by=\"avia_inline_auto\" id=\"style-css-av-m2237hre-e68d7510e04f6bebeb81f4762339bd9d\">\n#top .av_textblock_section.av-m2237hre-e68d7510e04f6bebeb81f4762339bd9d .avia_textblock{\ncolor:#ffffff;\n}\n\n@media only screen and (min-width: 990px){ \n#top .av_textblock_section.av-m2237hre-e68d7510e04f6bebeb81f4762339bd9d .avia_textblock{\nfont-size:21px;\n}\n}\n<\/style>\n<section  class='av_textblock_section av-m2237hre-e68d7510e04f6bebeb81f4762339bd9d '   itemscope=\"itemscope\" itemtype=\"https:\/\/schema.org\/CreativeWork\" ><div class='avia_textblock av_inherit_color'  itemprop=\"text\" ><p>Gerovit ra\u0161el vre\u0107e su ekonomi\u010dno i efikasno re\u0161enje za pakovanje razli\u010ditih proizvoda. Jednostavne su za kori\u0161\u0107enje i \u0161tede prostor. Njihova prozra\u010dna mre\u017ea obezbe\u0111uje ventilaciju koja smanjuje vlagu unutar vre\u0107e, garantuje sve\u017einu i spre\u010dava pojavu plesni i truljenje proizvoda.<\/p>\n<\/div><\/section><\/p><\/div>\n\n<\/div><\/div><\/main><!-- close content main element --><\/div><\/div><div id='av_section_2'  class='avia-section av-pjqgj-2cd2e27ce11ba2eeb5c611447ddb930c main_color avia-section-default avia-no-border-styling  avia-builder-el-5  el_after_av_section  avia-builder-el-last  avia-bg-style-scroll container_wrap sidebar_right'  ><div class='container av-section-cont-open' ><div class='template-page content  av-content-small alpha units'><div class='post-entry post-entry-type-page post-entry-2448'><div class='entry-content-wrapper clearfix'>\n\n<style type=\"text\/css\" data-created_by=\"avia_inline_auto\" id=\"style-css-av-58v5er-fe6b2ceb23c9a4e55e3dab00ef7db778\">\n.flex_column.av-58v5er-fe6b2ceb23c9a4e55e3dab00ef7db778{\nwidth:32.666666666667%;\nbackground-color:#f8f8fa;\n}\n\n@media only screen and (min-width: 990px){ \n.flex_column.av-58v5er-fe6b2ceb23c9a4e55e3dab00ef7db778{\npadding:0px 30px 20px 30px;\n}\n}\n\n@media only screen and (min-width: 768px) and (max-width: 989px){ \n.flex_column.av-58v5er-fe6b2ceb23c9a4e55e3dab00ef7db778{\npadding:0px 30px 20px 30px;\n}\n}\n\n@media only screen and (min-width: 480px) and (max-width: 767px){ \n.flex_column.av-58v5er-fe6b2ceb23c9a4e55e3dab00ef7db778{\npadding:0px 20px 10px 20px;\n}\n}\n\n@media only screen and (max-width: 479px){ \n.flex_column.av-58v5er-fe6b2ceb23c9a4e55e3dab00ef7db778{\npadding:0px 10px 10px 10px;\n}\n}\n<\/style>\n<div  class='flex_column av-58v5er-fe6b2ceb23c9a4e55e3dab00ef7db778 av_one_third  avia-builder-el-6  el_before_av_one_third  avia-builder-el-first  first flex_column_div  '     ><p>\n<style type=\"text\/css\" data-created_by=\"avia_inline_auto\" id=\"style-css-av-m2md2aj1-e35070e08385c641d5caeafda6356aa1\">\n.avia-image-container.av-m2md2aj1-e35070e08385c641d5caeafda6356aa1 img.avia_image{\nbox-shadow:none;\n}\n.avia-image-container.av-m2md2aj1-e35070e08385c641d5caeafda6356aa1 .av-image-caption-overlay-center{\ncolor:#ffffff;\n}\n<\/style>\n<div  id=\"kategorija-slika\"  class='avia-image-container av-m2md2aj1-e35070e08385c641d5caeafda6356aa1 av-styling-no-styling avia-align-left  avia-builder-el-7  el_before_av_heading  avia-builder-el-first '   itemprop=\"image\" itemscope=\"itemscope\" itemtype=\"https:\/\/schema.org\/ImageObject\" ><div class=\"avia-image-container-inner\"><div class=\"avia-image-overlay-wrap\"><img decoding=\"async\" fetchpriority=\"high\" class='wp-image-2957 avia-img-lazy-loading-not-2957 avia_image ' src=\"https:\/\/www.gerovit.com\/wp-content\/uploads\/2024\/12\/Single-raschel-bags-colors.jpg\" alt='Single raschel bags' title='Single-raschel-bags-colors'  height=\"394\" width=\"700\"  itemprop=\"thumbnailUrl\" srcset=\"https:\/\/www.gerovit.com\/wp-content\/uploads\/2024\/12\/Single-raschel-bags-colors.jpg 700w, https:\/\/www.gerovit.com\/wp-content\/uploads\/2024\/12\/Single-raschel-bags-colors-300x169.jpg 300w\" sizes=\"(max-width: 700px) 100vw, 700px\" \/><\/div><\/div><\/div><br \/>\n\n<style type=\"text\/css\" data-created_by=\"avia_inline_auto\" id=\"style-css-av-m2mavx69-27b9bb959cd0a76755736a139fbdca0d\">\n#top .av-special-heading.av-m2mavx69-27b9bb959cd0a76755736a139fbdca0d{\npadding-bottom:0px;\n}\nbody .av-special-heading.av-m2mavx69-27b9bb959cd0a76755736a139fbdca0d .av-special-heading-tag .heading-char{\nfont-size:25px;\n}\n.av-special-heading.av-m2mavx69-27b9bb959cd0a76755736a139fbdca0d .av-subheading{\nfont-size:15px;\n}\n\n@media only screen and (min-width: 990px){ \n#top #wrap_all .av-special-heading.av-m2mavx69-27b9bb959cd0a76755736a139fbdca0d .av-special-heading-tag{\nfont-size:25px;\n}\n}\n<\/style>\n<div  class='av-special-heading av-m2mavx69-27b9bb959cd0a76755736a139fbdca0d av-special-heading-h3 blockquote modern-quote  avia-builder-el-8  el_after_av_image  el_before_av_button '><h3 class='av-special-heading-tag '  itemprop=\"headline\"  >Pojedina\u010dne<br \/>\nra\u0161el vre\u0107e<\/h3><div class=\"special-heading-border\"><div class=\"special-heading-inner-border\"><\/div><\/div><\/div><br \/>\n<div  id=\"kategorije-cta\"  class='avia-button-wrap av-35iqsz-ba5c11c8ab10665122f64be9bcde92fb-wrap avia-button-left  avia-builder-el-9  el_after_av_heading  avia-builder-el-last '>\n<style type=\"text\/css\" data-created_by=\"avia_inline_auto\" id=\"style-css-av-35iqsz-ba5c11c8ab10665122f64be9bcde92fb\">\n#top #wrap_all .avia-button.av-35iqsz-ba5c11c8ab10665122f64be9bcde92fb{\nborder-style:none;\nborder-radius:0px 0px 0px 0px;\nbox-shadow:none;\ntransition:all 0.4s ease-in-out;\n}\n#top #wrap_all.avia-button.av-35iqsz-ba5c11c8ab10665122f64be9bcde92fb:hover .avia_button_background{\nborder-radius:0px 0px 0px 0px;\n}\n\n@media only screen and (min-width: 990px){ \n#top #wrap_all .avia-button.av-35iqsz-ba5c11c8ab10665122f64be9bcde92fb{\nfont-size:18px;\n}\n}\n<\/style>\n<a href='https:\/\/www.gerovit.com\/sr\/pojedinacne-rasel-vrece\/'  class='avia-button av-35iqsz-ba5c11c8ab10665122f64be9bcde92fb av-link-btn avia-icon_select-yes-right-icon avia-size-small avia-position-left avia-color-dark'   aria-label=\"vi\u0161e\"><span class='avia_iconbox_title' >vi\u0161e<\/span><span class='avia_button_icon avia_button_icon_right' aria-hidden='true' data-av_icon='\ue88d' data-av_iconfont='entypo-fontello'><\/span><\/a><\/div><\/p><\/div>\n<style type=\"text\/css\" data-created_by=\"avia_inline_auto\" id=\"style-css-av-etxchf-e82bc9a62760ab65e2aab04db63f4706\">\n.flex_column.av-etxchf-e82bc9a62760ab65e2aab04db63f4706{\nwidth:32.666666666667%;\nmargin-left:1%;\nbackground-color:#f8f8fa;\n}\n\n@media only screen and (min-width: 990px){ \n.flex_column.av-etxchf-e82bc9a62760ab65e2aab04db63f4706{\npadding:0px 30px 20px 30px;\n}\n}\n\n@media only screen and (min-width: 768px) and (max-width: 989px){ \n.flex_column.av-etxchf-e82bc9a62760ab65e2aab04db63f4706{\npadding:0px 30px 20px 30px;\n}\n}\n\n@media only screen and (min-width: 480px) and (max-width: 767px){ \n.flex_column.av-etxchf-e82bc9a62760ab65e2aab04db63f4706{\npadding:0px 20px 10px 20px;\n}\n}\n\n@media only screen and (max-width: 479px){ \n.flex_column.av-etxchf-e82bc9a62760ab65e2aab04db63f4706{\npadding:0px 10px 10px 10px;\n}\n}\n<\/style>\n<div  class='flex_column av-etxchf-e82bc9a62760ab65e2aab04db63f4706 av_one_third  avia-builder-el-10  el_after_av_one_third  el_before_av_one_third  flex_column_div  '     ><p>\n<style type=\"text\/css\" data-created_by=\"avia_inline_auto\" id=\"style-css-av-crjvlf-3f714e1493dac6e919fba5a8f41db756\">\n.avia-image-container.av-crjvlf-3f714e1493dac6e919fba5a8f41db756 img.avia_image{\nbox-shadow:none;\n}\n.avia-image-container.av-crjvlf-3f714e1493dac6e919fba5a8f41db756 .av-image-caption-overlay-center{\ncolor:#ffffff;\n}\n<\/style>\n<div  id=\"kategorija-slika\"  class='avia-image-container av-crjvlf-3f714e1493dac6e919fba5a8f41db756 av-styling-no-styling avia-align-left  avia-builder-el-11  el_before_av_heading  avia-builder-el-first '   itemprop=\"image\" itemscope=\"itemscope\" itemtype=\"https:\/\/schema.org\/ImageObject\" ><div class=\"avia-image-container-inner\"><div class=\"avia-image-overlay-wrap\"><img decoding=\"async\" fetchpriority=\"high\" class=\"wp-image-2927 avia-img-lazy-loading-not-2927 avia_image \" src=\"https:\/\/www.gerovit.com\/wp-content\/uploads\/2024\/12\/raschel-bags-on-rolls1a.jpg\" alt=\"\" title=\"raschel-bags-on-rolls1a\" height=\"585\" width=\"1000\" itemprop=\"thumbnailUrl\" srcset=\"https:\/\/www.gerovit.com\/wp-content\/uploads\/2024\/12\/raschel-bags-on-rolls1a.jpg 1000w, https:\/\/www.gerovit.com\/wp-content\/uploads\/2024\/12\/raschel-bags-on-rolls1a-300x176.jpg 300w, https:\/\/www.gerovit.com\/wp-content\/uploads\/2024\/12\/raschel-bags-on-rolls1a-768x449.jpg 768w, https:\/\/www.gerovit.com\/wp-content\/uploads\/2024\/12\/raschel-bags-on-rolls1a-705x412.jpg 705w\" sizes=\"(max-width: 1000px) 100vw, 1000px\"><\/div><\/div><\/div><br \/>\n\n<style type=\"text\/css\" data-created_by=\"avia_inline_auto\" id=\"style-css-av-10ljg3-d751a629c33861a384120bd05619d631\">\n#top .av-special-heading.av-10ljg3-d751a629c33861a384120bd05619d631{\npadding-bottom:0px;\n}\nbody .av-special-heading.av-10ljg3-d751a629c33861a384120bd05619d631 .av-special-heading-tag .heading-char{\nfont-size:25px;\n}\n.av-special-heading.av-10ljg3-d751a629c33861a384120bd05619d631 .av-subheading{\nfont-size:15px;\n}\n\n@media only screen and (min-width: 990px){ \n#top #wrap_all .av-special-heading.av-10ljg3-d751a629c33861a384120bd05619d631 .av-special-heading-tag{\nfont-size:25px;\n}\n}\n<\/style>\n<div  class='av-special-heading av-10ljg3-d751a629c33861a384120bd05619d631 av-special-heading-h3 blockquote modern-quote  avia-builder-el-12  el_after_av_image  el_before_av_button '><h3 class='av-special-heading-tag '  itemprop=\"headline\"  >Ra\u0161el vre\u0107e<br \/>\nna rolni<\/h3><div class=\"special-heading-border\"><div class=\"special-heading-inner-border\"><\/div><\/div><\/div><br \/>\n<div  id=\"kategorije-cta\"  class='avia-button-wrap av-8nmimr-e1820069eeebc34ddb8b429b28bc561d-wrap avia-button-left  avia-builder-el-13  el_after_av_heading  avia-builder-el-last '>\n<style type=\"text\/css\" data-created_by=\"avia_inline_auto\" id=\"style-css-av-8nmimr-e1820069eeebc34ddb8b429b28bc561d\">\n#top #wrap_all .avia-button.av-8nmimr-e1820069eeebc34ddb8b429b28bc561d{\nborder-style:none;\nborder-radius:0px 0px 0px 0px;\nbox-shadow:none;\ntransition:all 0.4s ease-in-out;\n}\n#top #wrap_all.avia-button.av-8nmimr-e1820069eeebc34ddb8b429b28bc561d:hover .avia_button_background{\nborder-radius:0px 0px 0px 0px;\n}\n\n@media only screen and (min-width: 990px){ \n#top #wrap_all .avia-button.av-8nmimr-e1820069eeebc34ddb8b429b28bc561d{\nfont-size:18px;\n}\n}\n<\/style>\n<a href='https:\/\/www.gerovit.com\/sr\/rasel-vrece-na-rolni\/'  class='avia-button av-8nmimr-e1820069eeebc34ddb8b429b28bc561d av-link-btn avia-icon_select-yes-right-icon avia-size-small avia-position-left avia-color-dark'   aria-label=\"vi\u0161e\"><span class='avia_iconbox_title' >vi\u0161e<\/span><span class='avia_button_icon avia_button_icon_right' aria-hidden='true' data-av_icon='\ue88d' data-av_iconfont='entypo-fontello'><\/span><\/a><\/div><\/p><\/div>\n<style type=\"text\/css\" data-created_by=\"avia_inline_auto\" id=\"style-css-av-7xfg0j-0fe58ce6dae1e88e27869b1713488779\">\n.flex_column.av-7xfg0j-0fe58ce6dae1e88e27869b1713488779{\nwidth:32.666666666667%;\nmargin-left:1%;\n}\n\n@media only screen and (min-width: 990px){ \n.flex_column.av-7xfg0j-0fe58ce6dae1e88e27869b1713488779{\npadding:0px 30px 20px 30px;\n}\n}\n\n@media only screen and (min-width: 768px) and (max-width: 989px){ \n.flex_column.av-7xfg0j-0fe58ce6dae1e88e27869b1713488779{\npadding:0px 30px 20px 30px;\n}\n}\n\n@media only screen and (min-width: 480px) and (max-width: 767px){ \n.flex_column.av-7xfg0j-0fe58ce6dae1e88e27869b1713488779{\npadding:0px 20px 10px 20px;\n}\n}\n\n@media only screen and (max-width: 479px){ \n.flex_column.av-7xfg0j-0fe58ce6dae1e88e27869b1713488779{\npadding:0px 10px 10px 10px;\n}\n}\n<\/style>\n<div  class='flex_column av-7xfg0j-0fe58ce6dae1e88e27869b1713488779 av_one_third  avia-builder-el-14  el_after_av_one_third  avia-builder-el-last  flex_column_div av-hide-on-mobile  '     ><\/div><\/div><\/div><\/div><!-- close content main div --><\/div><\/div><div id='after_section_2'  class='main_color av_default_container_wrap container_wrap sidebar_right'  ><div class='container av-section-cont-open' ><div class='template-page content  av-content-small alpha units'><div class='post-entry post-entry-type-page post-entry-2448'><div class='entry-content-wrapper clearfix'>\n","protected":false},"excerpt":{"rendered":"","protected":false},"author":2,"featured_media":0,"parent":0,"menu_order":0,"comment_status":"closed","ping_status":"closed","template":"","meta":{"_acf_changed":false,"inline_featured_image":false,"footnotes":""},"class_list":["post-2448","page","type-page","status-publish","hentry"],"acf":[],"_links":{"self":[{"href":"https:\/\/www.gerovit.com\/sr\/wp-json\/wp\/v2\/pages\/2448","targetHints":{"allow":["GET"]}}],"collection":[{"href":"https:\/\/www.gerovit.com\/sr\/wp-json\/wp\/v2\/pages"}],"about":[{"href":"https:\/\/www.gerovit.com\/sr\/wp-json\/wp\/v2\/types\/page"}],"author":[{"embeddable":true,"href":"https:\/\/www.gerovit.com\/sr\/wp-json\/wp\/v2\/users\/2"}],"replies":[{"embeddable":true,"href":"https:\/\/www.gerovit.com\/sr\/wp-json\/wp\/v2\/comments?post=2448"}],"version-history":[{"count":0,"href":"https:\/\/www.gerovit.com\/sr\/wp-json\/wp\/v2\/pages\/2448\/revisions"}],"wp:attachment":[{"href":"https:\/\/www.gerovit.com\/sr\/wp-json\/wp\/v2\/media?parent=2448"}],"curies":[{"name":"wp","href":"https:\/\/api.w.org\/{rel}","templated":true}]}}