{"id":2457,"date":"2024-10-27T13:06:38","date_gmt":"2024-10-27T12:06:38","guid":{"rendered":"https:\/\/www.gerovit.com\/?page_id=2457"},"modified":"2025-12-08T12:14:41","modified_gmt":"2025-12-08T11:14:41","slug":"kontakt","status":"publish","type":"page","link":"https:\/\/www.gerovit.com\/sr\/kontakt\/","title":{"rendered":"Kontakt"},"content":{"rendered":"\n<style type=\"text\/css\" data-created_by=\"avia_inline_auto\" id=\"style-css-av-6sfrez-0063136ce301da8aa55ac005ee47d845\">\n.avia-section.av-6sfrez-0063136ce301da8aa55ac005ee47d845{\nbackground-repeat:no-repeat;\nbackground-image:url(https:\/\/www.gerovit.com\/wp-content\/uploads\/2024\/10\/Silage-warp-film-category-2.jpg);\nbackground-position:50% 50%;\nbackground-attachment:scroll;\n}\n<\/style>\n<div id='kategorija-header-sek'  class='avia-section av-6sfrez-0063136ce301da8aa55ac005ee47d845 main_color avia-section-default avia-no-border-styling  avia-builder-el-0  el_before_av_section  avia-builder-el-first  avia-full-stretch avia-bg-style-scroll av-minimum-height av-minimum-height-custom av-height-custom  container_wrap sidebar_right'  data-section-bg-repeat='stretch' data-av_minimum_height_px='500'><div class='container av-section-cont-open' style='height:500px'><main  role=\"main\" itemprop=\"mainContentOfPage\"  class='template-page content  av-content-small alpha units'><div class='post-entry post-entry-type-page post-entry-2457'><div class='entry-content-wrapper clearfix'>\n<div  class='flex_column av-6l4rtn-088c6135a708fc2fe87b4e425847cda2 av_one_full  avia-builder-el-1  avia-builder-el-no-sibling  first flex_column_div  '     ><p>\n<style type=\"text\/css\" data-created_by=\"avia_inline_auto\" id=\"style-css-av-439thn-963af4afa97bdf4d4bcff7daff37dbc7\">\n#top .hr.hr-invisible.av-439thn-963af4afa97bdf4d4bcff7daff37dbc7{\nheight:170px;\n}\n<\/style>\n<div  class='hr av-439thn-963af4afa97bdf4d4bcff7daff37dbc7 hr-invisible  avia-builder-el-2  el_before_av_heading  avia-builder-el-first  av-small-hide av-mini-hide'><span class='hr-inner '><span class=\"hr-inner-style\"><\/span><\/span><\/div><br \/>\n\n<style type=\"text\/css\" data-created_by=\"avia_inline_auto\" id=\"style-css-av-m2rjs00u-d1e1a27aa191719860161481de764a70\">\n#top .av-special-heading.av-m2rjs00u-d1e1a27aa191719860161481de764a70{\npadding-bottom:10px;\ncolor:#ffffff;\n}\nbody .av-special-heading.av-m2rjs00u-d1e1a27aa191719860161481de764a70 .av-special-heading-tag .heading-char{\nfont-size:25px;\n}\n.av-special-heading.av-m2rjs00u-d1e1a27aa191719860161481de764a70 .special-heading-inner-border{\nborder-color:#ffffff;\n}\n.av-special-heading.av-m2rjs00u-d1e1a27aa191719860161481de764a70 .av-subheading{\nfont-size:15px;\n}\nbody .av-special-heading.av-m2rjs00u-d1e1a27aa191719860161481de764a70 .av-special-heading-tag .heading-wrap:before{\nborder-color:#ffffff;\n}\nbody .av-special-heading.av-m2rjs00u-d1e1a27aa191719860161481de764a70 .av-special-heading-tag .heading-wrap:after{\nborder-color:#ffffff;\n}\n\n@media only screen and (min-width: 990px){ \n#top #wrap_all .av-special-heading.av-m2rjs00u-d1e1a27aa191719860161481de764a70 .av-special-heading-tag{\nfont-size:70px;\n}\n}\n<\/style>\n<div  class='av-special-heading av-m2rjs00u-d1e1a27aa191719860161481de764a70 av-special-heading-h1 custom-color-heading blockquote modern-quote  avia-builder-el-3  el_after_av_hr  el_before_av_textblock  malaslova'><h1 class='av-special-heading-tag '  itemprop=\"headline\"  >Kontaktirajte nas<\/h1><div class=\"special-heading-border\"><div class=\"special-heading-inner-border\"><\/div><\/div><\/div><br \/>\n\n<style type=\"text\/css\" data-created_by=\"avia_inline_auto\" id=\"style-css-av-1zwzgb-93e2e13966dd2615fa1accd91d21d37a\">\n#top .av_textblock_section.av-1zwzgb-93e2e13966dd2615fa1accd91d21d37a .avia_textblock{\ncolor:#ffffff;\n}\n\n@media only screen and (min-width: 990px){ \n#top .av_textblock_section.av-1zwzgb-93e2e13966dd2615fa1accd91d21d37a .avia_textblock{\nfont-size:21px;\n}\n}\n<\/style>\n<section  class='av_textblock_section av-1zwzgb-93e2e13966dd2615fa1accd91d21d37a '   itemscope=\"itemscope\" itemtype=\"https:\/\/schema.org\/CreativeWork\" ><div class='avia_textblock av_inherit_color'  itemprop=\"text\" ><p>Gerovit silage wrap film is a premium-quality 5-layer film that combines the latest advances in patented blown stretch film technology to help achieve greater wrapping efficiencies.<\/p>\n<\/div><\/section><\/p><\/div>\n\n<\/div><\/div><\/main><!-- close content main element --><\/div><\/div><div id='av_section_2'  class='avia-section av-7es5qz-2f96ccbee1ac6393e708cb1ce153ca57 main_color avia-section-default avia-no-border-styling  avia-builder-el-5  el_after_av_section  avia-builder-el-last  avia-bg-style-scroll container_wrap sidebar_right'  ><div class='container av-section-cont-open' ><div class='template-page content  av-content-small alpha units'><div class='post-entry post-entry-type-page post-entry-2457'><div class='entry-content-wrapper clearfix'>\n\n<style type=\"text\/css\" data-created_by=\"avia_inline_auto\" id=\"style-css-av-59evor-cede5027bc9894652e39fa2b31a5cc13\">\n.flex_column.av-59evor-cede5027bc9894652e39fa2b31a5cc13{\npadding:0 10% 0 0;\n}\n<\/style>\n<div  class='flex_column av-59evor-cede5027bc9894652e39fa2b31a5cc13 av_one_third  avia-builder-el-6  el_before_av_two_third  avia-builder-el-first  first flex_column_div  '     ><section  class='av_textblock_section av-41nb0b-4fe16109ba956cd4a992dad70354a0d5 '   itemscope=\"itemscope\" itemtype=\"https:\/\/schema.org\/CreativeWork\" ><div class='avia_textblock'  itemprop=\"text\" ><h3>Kontakt informacije<\/h3>\n<p>Kr\u0107eva\u010dki put 123, 34304 Banja, Aran\u0111elovac, Srbija<\/p>\n<p>+381 (0)62 8051300<\/p>\n<p>info@gerovit.com<br \/>\nsales@gerovit.com<\/p>\n<\/div><\/section><\/div><div  class='flex_column av-2cfqaz-d360b6f847b66e9bf38eb3a084cc7870 av_two_third  avia-builder-el-8  el_after_av_one_third  avia-builder-el-last  flex_column_div  '     ><\/div><\/div><\/div><\/div><!-- close content main div --><\/div><\/div><div id='after_section_2'  class='main_color av_default_container_wrap container_wrap sidebar_right'  ><div class='container av-section-cont-open' ><div class='template-page content  av-content-small alpha units'><div class='post-entry post-entry-type-page post-entry-2457'><div class='entry-content-wrapper clearfix'>\n","protected":false},"excerpt":{"rendered":"","protected":false},"author":2,"featured_media":0,"parent":0,"menu_order":0,"comment_status":"closed","ping_status":"closed","template":"","meta":{"_acf_changed":false,"inline_featured_image":false,"footnotes":""},"class_list":["post-2457","page","type-page","status-publish","hentry"],"acf":[],"_links":{"self":[{"href":"https:\/\/www.gerovit.com\/sr\/wp-json\/wp\/v2\/pages\/2457","targetHints":{"allow":["GET"]}}],"collection":[{"href":"https:\/\/www.gerovit.com\/sr\/wp-json\/wp\/v2\/pages"}],"about":[{"href":"https:\/\/www.gerovit.com\/sr\/wp-json\/wp\/v2\/types\/page"}],"author":[{"embeddable":true,"href":"https:\/\/www.gerovit.com\/sr\/wp-json\/wp\/v2\/users\/2"}],"replies":[{"embeddable":true,"href":"https:\/\/www.gerovit.com\/sr\/wp-json\/wp\/v2\/comments?post=2457"}],"version-history":[{"count":0,"href":"https:\/\/www.gerovit.com\/sr\/wp-json\/wp\/v2\/pages\/2457\/revisions"}],"wp:attachment":[{"href":"https:\/\/www.gerovit.com\/sr\/wp-json\/wp\/v2\/media?parent=2457"}],"curies":[{"name":"wp","href":"https:\/\/api.w.org\/{rel}","templated":true}]}}