{"id":2467,"date":"2024-10-23T23:27:56","date_gmt":"2024-10-23T21:27:56","guid":{"rendered":"https:\/\/www.gerovit.com\/?page_id=2467"},"modified":"2025-06-18T15:58:56","modified_gmt":"2025-06-18T13:58:56","slug":"industrija","status":"publish","type":"page","link":"https:\/\/www.gerovit.com\/sr\/industrija\/","title":{"rendered":"Industrija"},"content":{"rendered":"\n<style type=\"text\/css\" data-created_by=\"avia_inline_auto\" id=\"style-css-av-m2236iu2-29156c35d584920d78b2686299b93b7f\">\n.avia-section.av-m2236iu2-29156c35d584920d78b2686299b93b7f{\nbackground-repeat:no-repeat;\nbackground-image:url(https:\/\/www.gerovit.com\/wp-content\/uploads\/2024\/10\/Industria-Category.jpg);\nbackground-position:50% 50%;\nbackground-attachment:scroll;\n}\n<\/style>\n<div id='kategorija-header-sek'  class='avia-section av-m2236iu2-29156c35d584920d78b2686299b93b7f main_color avia-section-default avia-no-border-styling  avia-builder-el-0  el_before_av_section  avia-builder-el-first  avia-full-stretch avia-bg-style-scroll av-minimum-height av-minimum-height-custom av-height-custom  container_wrap sidebar_right'  data-section-bg-repeat='stretch' data-av_minimum_height_px='500'><div class='container av-section-cont-open' style='height:500px'><main  role=\"main\" itemprop=\"mainContentOfPage\"  class='template-page content  av-content-small alpha units'><div class='post-entry post-entry-type-page post-entry-2467'><div class='entry-content-wrapper clearfix'>\n<div  class='flex_column av-w9z77-0593749674d1cdea83805c855cd632c2 av_one_full  avia-builder-el-1  avia-builder-el-no-sibling  first flex_column_div  '     ><p>\n<style type=\"text\/css\" data-created_by=\"avia_inline_auto\" id=\"style-css-av-m2md5j4f-0f3b5be03b93a02ecf68e180c828e11f\">\n#top .hr.hr-invisible.av-m2md5j4f-0f3b5be03b93a02ecf68e180c828e11f{\nheight:170px;\n}\n<\/style>\n<div  class='hr av-m2md5j4f-0f3b5be03b93a02ecf68e180c828e11f hr-invisible  avia-builder-el-2  el_before_av_heading  avia-builder-el-first  av-small-hide av-mini-hide'><span class='hr-inner '><span class=\"hr-inner-style\"><\/span><\/span><\/div><br \/>\n\n<style type=\"text\/css\" data-created_by=\"avia_inline_auto\" id=\"style-css-av-m223735i-1bbd967c0e838ed00241136d46207c6d\">\n#top .av-special-heading.av-m223735i-1bbd967c0e838ed00241136d46207c6d{\npadding-bottom:10px;\ncolor:#ffffff;\n}\nbody .av-special-heading.av-m223735i-1bbd967c0e838ed00241136d46207c6d .av-special-heading-tag .heading-char{\nfont-size:25px;\n}\n.av-special-heading.av-m223735i-1bbd967c0e838ed00241136d46207c6d .special-heading-inner-border{\nborder-color:#ffffff;\n}\n.av-special-heading.av-m223735i-1bbd967c0e838ed00241136d46207c6d .av-subheading{\nfont-size:15px;\n}\nbody .av-special-heading.av-m223735i-1bbd967c0e838ed00241136d46207c6d .av-special-heading-tag .heading-wrap:before{\nborder-color:#ffffff;\n}\nbody .av-special-heading.av-m223735i-1bbd967c0e838ed00241136d46207c6d .av-special-heading-tag .heading-wrap:after{\nborder-color:#ffffff;\n}\n\n@media only screen and (min-width: 990px){ \n#top #wrap_all .av-special-heading.av-m223735i-1bbd967c0e838ed00241136d46207c6d .av-special-heading-tag{\nfont-size:70px;\n}\n}\n<\/style>\n<div  class='av-special-heading av-m223735i-1bbd967c0e838ed00241136d46207c6d av-special-heading-h1 custom-color-heading blockquote modern-quote  avia-builder-el-3  el_after_av_hr  el_before_av_textblock  malaslova'><h1 class='av-special-heading-tag '  itemprop=\"headline\"  >Industrija<\/h1><div class=\"special-heading-border\"><div class=\"special-heading-inner-border\"><\/div><\/div><\/div><br \/>\n\n<style type=\"text\/css\" data-created_by=\"avia_inline_auto\" id=\"style-css-av-m2237hre-e68d7510e04f6bebeb81f4762339bd9d\">\n#top .av_textblock_section.av-m2237hre-e68d7510e04f6bebeb81f4762339bd9d .avia_textblock{\ncolor:#ffffff;\n}\n\n@media only screen and (min-width: 990px){ \n#top .av_textblock_section.av-m2237hre-e68d7510e04f6bebeb81f4762339bd9d .avia_textblock{\nfont-size:21px;\n}\n}\n<\/style>\n<section  class='av_textblock_section av-m2237hre-e68d7510e04f6bebeb81f4762339bd9d '   itemscope=\"itemscope\" itemtype=\"https:\/\/schema.org\/CreativeWork\" ><div class='avia_textblock av_inherit_color'  itemprop=\"text\" ><p><strong>Gerovit petoslojna folija za najvi\u0161e opti\u010dke i mehani\u010dke zahteve.<\/strong>\u00a0Kombinacijom najkvalitetnijih materijala i aditiva, mo\u017eemo proizvesti savr\u0161enu foliju sa \u0161irokim spektrom svojstava, kao \u0161to su: COF (koeficijent trenja), sposobnost zatvaranja, \u010dvrsto\u0107a spoja, razli\u010dita antistati\u010dka svojstva, krutost, \u017eilavost, fleksibilnost, bojenje, transparentnost i sjaj&#8230;<\/p>\n<\/div><\/section><\/p><\/div>\n\n<\/div><\/div><\/main><!-- close content main element --><\/div><\/div><div id='av_section_2'  class='avia-section av-pjqgj-2cd2e27ce11ba2eeb5c611447ddb930c main_color avia-section-default avia-no-border-styling  avia-builder-el-5  el_after_av_section  avia-builder-el-last  avia-bg-style-scroll container_wrap sidebar_right'  ><div class='container av-section-cont-open' ><div class='template-page content  av-content-small alpha units'><div class='post-entry post-entry-type-page post-entry-2467'><div class='entry-content-wrapper clearfix'>\n\n<style type=\"text\/css\" data-created_by=\"avia_inline_auto\" id=\"style-css-av-etxchf-156aee1ab8401d79fd77ae4b2549441e\">\n.flex_column.av-etxchf-156aee1ab8401d79fd77ae4b2549441e{\nwidth:32.666666666667%;\nbackground-color:#f8f8fa;\n}\n\n@media only screen and (min-width: 990px){ \n.flex_column.av-etxchf-156aee1ab8401d79fd77ae4b2549441e{\npadding:0px 30px 20px 30px;\n}\n}\n\n@media only screen and (min-width: 768px) and (max-width: 989px){ \n.flex_column.av-etxchf-156aee1ab8401d79fd77ae4b2549441e{\npadding:0px 30px 20px 30px;\n}\n}\n\n@media only screen and (min-width: 480px) and (max-width: 767px){ \n.flex_column.av-etxchf-156aee1ab8401d79fd77ae4b2549441e{\npadding:0px 20px 10px 20px;\n}\n}\n\n@media only screen and (max-width: 479px){ \n.flex_column.av-etxchf-156aee1ab8401d79fd77ae4b2549441e{\npadding:0px 10px 10px 10px;\n}\n}\n<\/style>\n<div  class='flex_column av-etxchf-156aee1ab8401d79fd77ae4b2549441e av_one_third  avia-builder-el-6  el_before_av_one_third  avia-builder-el-first  first flex_column_div  '     ><p>\n<style type=\"text\/css\" data-created_by=\"avia_inline_auto\" id=\"style-css-av-crjvlf-271b159708fa3a8b1a2e97e8f06cf256\">\n.avia-image-container.av-crjvlf-271b159708fa3a8b1a2e97e8f06cf256 img.avia_image{\nbox-shadow:none;\n}\n.avia-image-container.av-crjvlf-271b159708fa3a8b1a2e97e8f06cf256 .av-image-caption-overlay-center{\ncolor:#ffffff;\n}\n<\/style>\n<div  id=\"kategorija-slika\"  class='avia-image-container av-crjvlf-271b159708fa3a8b1a2e97e8f06cf256 av-styling-no-styling avia-align-left  avia-builder-el-7  el_before_av_heading  avia-builder-el-first '   itemprop=\"image\" itemscope=\"itemscope\" itemtype=\"https:\/\/schema.org\/ImageObject\" ><div class=\"avia-image-container-inner\"><div class=\"avia-image-overlay-wrap\"><img decoding=\"async\" fetchpriority=\"high\" class=\"wp-image-2262 avia-img-lazy-loading-not-2262 avia_image \" src=\"https:\/\/www.gerovit.com\/wp-content\/uploads\/2024\/10\/Transparent-mulch-foilcategory.png\" alt=\"\" title=\"Transparent mulch foilcategory\" height=\"242\" width=\"482\" itemprop=\"thumbnailUrl\" srcset=\"https:\/\/www.gerovit.com\/wp-content\/uploads\/2024\/10\/Transparent-mulch-foilcategory.png 482w, https:\/\/www.gerovit.com\/wp-content\/uploads\/2024\/10\/Transparent-mulch-foilcategory-300x151.png 300w\" sizes=\"(max-width: 482px) 100vw, 482px\"><\/div><\/div><\/div><br \/>\n\n<style type=\"text\/css\" data-created_by=\"avia_inline_auto\" id=\"style-css-av-10ljg3-9ebbffc931fbbbadecba71c3ba7739e8\">\n#top .av-special-heading.av-10ljg3-9ebbffc931fbbbadecba71c3ba7739e8{\npadding-bottom:0px;\n}\nbody .av-special-heading.av-10ljg3-9ebbffc931fbbbadecba71c3ba7739e8 .av-special-heading-tag .heading-char{\nfont-size:25px;\n}\n.av-special-heading.av-10ljg3-9ebbffc931fbbbadecba71c3ba7739e8 .av-subheading{\nfont-size:15px;\n}\n\n@media only screen and (min-width: 990px){ \n#top #wrap_all .av-special-heading.av-10ljg3-9ebbffc931fbbbadecba71c3ba7739e8 .av-special-heading-tag{\nfont-size:25px;\n}\n}\n<\/style>\n<div  class='av-special-heading av-10ljg3-9ebbffc931fbbbadecba71c3ba7739e8 av-special-heading-h3 blockquote modern-quote  avia-builder-el-8  el_after_av_image  el_before_av_button '><h3 class='av-special-heading-tag '  itemprop=\"headline\"  >MDO ultra flat folije<\/h3><div class=\"special-heading-border\"><div class=\"special-heading-inner-border\"><\/div><\/div><\/div><br \/>\n<div  id=\"kategorije-cta\"  class='avia-button-wrap av-8nmimr-a77d6463082f1bbbb4c6ff061776b0ef-wrap avia-button-left  avia-builder-el-9  el_after_av_heading  avia-builder-el-last '>\n<style type=\"text\/css\" data-created_by=\"avia_inline_auto\" id=\"style-css-av-8nmimr-a77d6463082f1bbbb4c6ff061776b0ef\">\n#top #wrap_all .avia-button.av-8nmimr-a77d6463082f1bbbb4c6ff061776b0ef{\nborder-style:none;\nborder-radius:0px 0px 0px 0px;\nbox-shadow:none;\ntransition:all 0.4s ease-in-out;\n}\n#top #wrap_all.avia-button.av-8nmimr-a77d6463082f1bbbb4c6ff061776b0ef:hover .avia_button_background{\nborder-radius:0px 0px 0px 0px;\n}\n\n@media only screen and (min-width: 990px){ \n#top #wrap_all .avia-button.av-8nmimr-a77d6463082f1bbbb4c6ff061776b0ef{\nfont-size:18px;\n}\n}\n<\/style>\n<a href='https:\/\/www.gerovit.com\/sr\/mdo-ultra-flat-folije\/'  class='avia-button av-8nmimr-a77d6463082f1bbbb4c6ff061776b0ef av-link-btn avia-icon_select-yes-right-icon avia-size-small avia-position-left avia-color-dark'   aria-label=\"vi\u0161e\"><span class='avia_iconbox_title' >vi\u0161e<\/span><span class='avia_button_icon avia_button_icon_right' aria-hidden='true' data-av_icon='\ue88d' data-av_iconfont='entypo-fontello'><\/span><\/a><\/div><\/p><\/div>\n<style type=\"text\/css\" data-created_by=\"avia_inline_auto\" id=\"style-css-av-7xfg0j-4f887515fd2e19c8d41bb1f09aa5f5ea\">\n.flex_column.av-7xfg0j-4f887515fd2e19c8d41bb1f09aa5f5ea{\nwidth:32.666666666667%;\nmargin-left:1%;\nbackground-color:#f8f8fa;\n}\n\n@media only screen and (min-width: 990px){ \n.flex_column.av-7xfg0j-4f887515fd2e19c8d41bb1f09aa5f5ea{\npadding:0px 30px 20px 30px;\n}\n}\n\n@media only screen and (min-width: 768px) and (max-width: 989px){ \n.flex_column.av-7xfg0j-4f887515fd2e19c8d41bb1f09aa5f5ea{\npadding:0px 30px 20px 30px;\n}\n}\n\n@media only screen and (min-width: 480px) and (max-width: 767px){ \n.flex_column.av-7xfg0j-4f887515fd2e19c8d41bb1f09aa5f5ea{\npadding:0px 20px 10px 20px;\n}\n}\n\n@media only screen and (max-width: 479px){ \n.flex_column.av-7xfg0j-4f887515fd2e19c8d41bb1f09aa5f5ea{\npadding:0px 10px 10px 10px;\n}\n}\n<\/style>\n<div  class='flex_column av-7xfg0j-4f887515fd2e19c8d41bb1f09aa5f5ea av_one_third  avia-builder-el-10  el_after_av_one_third  el_before_av_one_third  flex_column_div  '     ><p>\n<style type=\"text\/css\" data-created_by=\"avia_inline_auto\" id=\"style-css-av-2u7idm-ffb7909567e3ac3679ed82faf425c234\">\n.avia-image-container.av-2u7idm-ffb7909567e3ac3679ed82faf425c234 img.avia_image{\nbox-shadow:none;\n}\n.avia-image-container.av-2u7idm-ffb7909567e3ac3679ed82faf425c234 .av-image-caption-overlay-center{\ncolor:#ffffff;\n}\n<\/style>\n<div  id=\"kategorija-slika\"  class='avia-image-container av-2u7idm-ffb7909567e3ac3679ed82faf425c234 av-styling-no-styling avia-align-left  avia-builder-el-11  el_before_av_heading  avia-builder-el-first '   itemprop=\"image\" itemscope=\"itemscope\" itemtype=\"https:\/\/schema.org\/ImageObject\" ><div class=\"avia-image-container-inner\"><div class=\"avia-image-overlay-wrap\"><img decoding=\"async\" fetchpriority=\"high\" class=\"wp-image-2262 avia-img-lazy-loading-not-2262 avia_image \" src=\"https:\/\/www.gerovit.com\/wp-content\/uploads\/2024\/10\/Transparent-mulch-foilcategory.png\" alt=\"\" title=\"Transparent mulch foilcategory\" height=\"242\" width=\"482\" itemprop=\"thumbnailUrl\" srcset=\"https:\/\/www.gerovit.com\/wp-content\/uploads\/2024\/10\/Transparent-mulch-foilcategory.png 482w, https:\/\/www.gerovit.com\/wp-content\/uploads\/2024\/10\/Transparent-mulch-foilcategory-300x151.png 300w\" sizes=\"(max-width: 482px) 100vw, 482px\"><\/div><\/div><\/div><br \/>\n\n<style type=\"text\/css\" data-created_by=\"avia_inline_auto\" id=\"style-css-av-4i3prn-0ae7d9d94457e41abcf0a14c1cb7abbd\">\n#top .av-special-heading.av-4i3prn-0ae7d9d94457e41abcf0a14c1cb7abbd{\npadding-bottom:0px;\n}\nbody .av-special-heading.av-4i3prn-0ae7d9d94457e41abcf0a14c1cb7abbd .av-special-heading-tag .heading-char{\nfont-size:25px;\n}\n.av-special-heading.av-4i3prn-0ae7d9d94457e41abcf0a14c1cb7abbd .av-subheading{\nfont-size:15px;\n}\n\n@media only screen and (min-width: 990px){ \n#top #wrap_all .av-special-heading.av-4i3prn-0ae7d9d94457e41abcf0a14c1cb7abbd .av-special-heading-tag{\nfont-size:25px;\n}\n}\n<\/style>\n<div  class='av-special-heading av-4i3prn-0ae7d9d94457e41abcf0a14c1cb7abbd av-special-heading-h3 blockquote modern-quote  avia-builder-el-12  el_after_av_image  el_before_av_button '><h3 class='av-special-heading-tag '  itemprop=\"headline\"  >PE folije za laminaciju<\/h3><div class=\"special-heading-border\"><div class=\"special-heading-inner-border\"><\/div><\/div><\/div><br \/>\n<div  id=\"kategorije-cta\"  class='avia-button-wrap av-2kz2pv-21a5410d4e553a7cd852267e919a0a0e-wrap avia-button-left  avia-builder-el-13  el_after_av_heading  avia-builder-el-last '>\n<style type=\"text\/css\" data-created_by=\"avia_inline_auto\" id=\"style-css-av-2kz2pv-21a5410d4e553a7cd852267e919a0a0e\">\n#top #wrap_all .avia-button.av-2kz2pv-21a5410d4e553a7cd852267e919a0a0e{\nborder-style:none;\nborder-radius:0px 0px 0px 0px;\nbox-shadow:none;\ntransition:all 0.4s ease-in-out;\n}\n#top #wrap_all.avia-button.av-2kz2pv-21a5410d4e553a7cd852267e919a0a0e:hover .avia_button_background{\nborder-radius:0px 0px 0px 0px;\n}\n\n@media only screen and (min-width: 990px){ \n#top #wrap_all .avia-button.av-2kz2pv-21a5410d4e553a7cd852267e919a0a0e{\nfont-size:18px;\n}\n}\n<\/style>\n<a href='https:\/\/www.gerovit.com\/sr\/pe-folije-za-laminaciju\/'  class='avia-button av-2kz2pv-21a5410d4e553a7cd852267e919a0a0e av-link-btn avia-icon_select-yes-right-icon avia-size-small avia-position-left avia-color-dark'   aria-label=\"vi\u0161e\"><span class='avia_iconbox_title' >vi\u0161e<\/span><span class='avia_button_icon avia_button_icon_right' aria-hidden='true' data-av_icon='\ue88d' data-av_iconfont='entypo-fontello'><\/span><\/a><\/div><\/p><\/div>\n<style type=\"text\/css\" data-created_by=\"avia_inline_auto\" id=\"style-css-av-av_one_third-0daab7906f276e159eb946a0081d1c41\">\n.flex_column.av-av_one_third-0daab7906f276e159eb946a0081d1c41{\nwidth:32.666666666667%;\nmargin-left:1%;\nbackground-color:#f8f8fa;\n}\n\n@media only screen and (min-width: 990px){ \n.flex_column.av-av_one_third-0daab7906f276e159eb946a0081d1c41{\npadding:0px 30px 20px 30px;\n}\n}\n\n@media only screen and (min-width: 768px) and (max-width: 989px){ \n.flex_column.av-av_one_third-0daab7906f276e159eb946a0081d1c41{\npadding:0px 30px 20px 30px;\n}\n}\n\n@media only screen and (min-width: 480px) and (max-width: 767px){ \n.flex_column.av-av_one_third-0daab7906f276e159eb946a0081d1c41{\npadding:0px 20px 10px 20px;\n}\n}\n\n@media only screen and (max-width: 479px){ \n.flex_column.av-av_one_third-0daab7906f276e159eb946a0081d1c41{\npadding:0px 10px 10px 10px;\n}\n}\n<\/style>\n<div  class='flex_column av-av_one_third-0daab7906f276e159eb946a0081d1c41 av_one_third  avia-builder-el-14  el_after_av_one_third  avia-builder-el-last  flex_column_div  '     ><p>\n<style type=\"text\/css\" data-created_by=\"avia_inline_auto\" id=\"style-css-av-av_image-0d8f828f45fdb5579749dc0a90a61b50\">\n.avia-image-container.av-av_image-0d8f828f45fdb5579749dc0a90a61b50 img.avia_image{\nbox-shadow:none;\n}\n.avia-image-container.av-av_image-0d8f828f45fdb5579749dc0a90a61b50 .av-image-caption-overlay-center{\ncolor:#ffffff;\n}\n<\/style>\n<div  id=\"kategorija-slika\"  class='avia-image-container av-av_image-0d8f828f45fdb5579749dc0a90a61b50 av-styling-no-styling avia-align-left  avia-builder-el-15  el_before_av_heading  avia-builder-el-first '   itemprop=\"image\" itemscope=\"itemscope\" itemtype=\"https:\/\/schema.org\/ImageObject\" ><div class=\"avia-image-container-inner\"><div class=\"avia-image-overlay-wrap\"><img decoding=\"async\" fetchpriority=\"high\" class=\"wp-image-2262 avia-img-lazy-loading-not-2262 avia_image \" src=\"https:\/\/www.gerovit.com\/wp-content\/uploads\/2024\/10\/Transparent-mulch-foilcategory.png\" alt=\"\" title=\"Transparent mulch foilcategory\" height=\"242\" width=\"482\" itemprop=\"thumbnailUrl\" srcset=\"https:\/\/www.gerovit.com\/wp-content\/uploads\/2024\/10\/Transparent-mulch-foilcategory.png 482w, https:\/\/www.gerovit.com\/wp-content\/uploads\/2024\/10\/Transparent-mulch-foilcategory-300x151.png 300w\" sizes=\"(max-width: 482px) 100vw, 482px\"><\/div><\/div><\/div><br \/>\n\n<style type=\"text\/css\" data-created_by=\"avia_inline_auto\" id=\"style-css-av-mc20p419-3f78376963eb53dede7242e3c2990e6b\">\n#top .av-special-heading.av-mc20p419-3f78376963eb53dede7242e3c2990e6b{\npadding-bottom:0px;\n}\nbody .av-special-heading.av-mc20p419-3f78376963eb53dede7242e3c2990e6b .av-special-heading-tag .heading-char{\nfont-size:25px;\n}\n.av-special-heading.av-mc20p419-3f78376963eb53dede7242e3c2990e6b .av-subheading{\nfont-size:15px;\n}\n\n@media only screen and (min-width: 990px){ \n#top #wrap_all .av-special-heading.av-mc20p419-3f78376963eb53dede7242e3c2990e6b .av-special-heading-tag{\nfont-size:25px;\n}\n}\n<\/style>\n<div  class='av-special-heading av-mc20p419-3f78376963eb53dede7242e3c2990e6b av-special-heading-h3 blockquote modern-quote  avia-builder-el-16  el_after_av_image  el_before_av_button '><h3 class='av-special-heading-tag '  itemprop=\"headline\"  >Stretch Hood<br \/>\nfolije<\/h3><div class=\"special-heading-border\"><div class=\"special-heading-inner-border\"><\/div><\/div><\/div><br \/>\n<div  id=\"kategorije-cta\"  class='avia-button-wrap av-mc20pb9b-4ddaa94370c7d6d39248df205815a074-wrap avia-button-left  avia-builder-el-17  el_after_av_heading  avia-builder-el-last '>\n<style type=\"text\/css\" data-created_by=\"avia_inline_auto\" id=\"style-css-av-mc20pb9b-4ddaa94370c7d6d39248df205815a074\">\n#top #wrap_all .avia-button.av-mc20pb9b-4ddaa94370c7d6d39248df205815a074{\nborder-style:none;\nborder-radius:0px 0px 0px 0px;\nbox-shadow:none;\ntransition:all 0.4s ease-in-out;\n}\n#top #wrap_all.avia-button.av-mc20pb9b-4ddaa94370c7d6d39248df205815a074:hover .avia_button_background{\nborder-radius:0px 0px 0px 0px;\n}\n\n@media only screen and (min-width: 990px){ \n#top #wrap_all .avia-button.av-mc20pb9b-4ddaa94370c7d6d39248df205815a074{\nfont-size:18px;\n}\n}\n<\/style>\n<a href='https:\/\/www.gerovit.com\/sr\/industrija\/stretch-hood-folije\/'  class='avia-button av-mc20pb9b-4ddaa94370c7d6d39248df205815a074 av-link-btn avia-icon_select-yes-right-icon avia-size-small avia-position-left avia-color-dark'   aria-label=\"vi\u0161e\"><span class='avia_iconbox_title' >vi\u0161e<\/span><span class='avia_button_icon avia_button_icon_right' aria-hidden='true' data-av_icon='\ue88d' data-av_iconfont='entypo-fontello'><\/span><\/a><\/div><\/p><\/div><\/div><\/div><\/div><!-- close content main div --><\/div><\/div><div id='after_section_2'  class='main_color av_default_container_wrap container_wrap sidebar_right'  ><div class='container av-section-cont-open' ><div class='template-page content  av-content-small alpha units'><div class='post-entry post-entry-type-page post-entry-2467'><div class='entry-content-wrapper clearfix'>\n","protected":false},"excerpt":{"rendered":"","protected":false},"author":2,"featured_media":0,"parent":0,"menu_order":0,"comment_status":"closed","ping_status":"closed","template":"","meta":{"_acf_changed":false,"inline_featured_image":false,"footnotes":""},"class_list":["post-2467","page","type-page","status-publish","hentry"],"acf":[],"_links":{"self":[{"href":"https:\/\/www.gerovit.com\/sr\/wp-json\/wp\/v2\/pages\/2467","targetHints":{"allow":["GET"]}}],"collection":[{"href":"https:\/\/www.gerovit.com\/sr\/wp-json\/wp\/v2\/pages"}],"about":[{"href":"https:\/\/www.gerovit.com\/sr\/wp-json\/wp\/v2\/types\/page"}],"author":[{"embeddable":true,"href":"https:\/\/www.gerovit.com\/sr\/wp-json\/wp\/v2\/users\/2"}],"replies":[{"embeddable":true,"href":"https:\/\/www.gerovit.com\/sr\/wp-json\/wp\/v2\/comments?post=2467"}],"version-history":[{"count":0,"href":"https:\/\/www.gerovit.com\/sr\/wp-json\/wp\/v2\/pages\/2467\/revisions"}],"wp:attachment":[{"href":"https:\/\/www.gerovit.com\/sr\/wp-json\/wp\/v2\/media?parent=2467"}],"curies":[{"name":"wp","href":"https:\/\/api.w.org\/{rel}","templated":true}]}}